{"id":4813,"date":"2021-05-10T11:00:51","date_gmt":"2021-05-10T11:00:51","guid":{"rendered":"http:\/\/escoffier.staging.procodeltd.com\/?page_id=4813"},"modified":"2021-05-11T04:53:33","modified_gmt":"2021-05-11T04:53:33","slug":"contactez-nous","status":"publish","type":"page","link":"https:\/\/escoffierluxuryinstitute.com\/en\/contactez-nous\/","title":{"rendered":"Contact Us"},"content":{"rendered":"<div class=\"vc_row wpb_row vc_row-fluid\" data-lang=\"French\"><div class=\"wpb_column vc_column_container vc_col-sm-12\"><div class=\"vc_column-inner\"><div class=\"wpb_wrapper\"><div class=\"wpb_gmaps_widget wpb_content_element\"><div class=\"wpb_wrapper\"><div class=\"wpb_map_wraper\"><iframe src=\"https:\/\/www.google.com\/maps\/embed?pb=!1m18!1m12!1m3!1d3743.8007062088022!2d57.536761614869896!3d-20.225600986438927!2m3!1f0!2f0!3f0!3m2!1i1024!2i768!4f13.1!3m3!1m2!1s0x217c5a10e03deee7%3A0x5c061f65a458def3!2sInstitut%20Escoffier!5e0!3m2!1sen!2smu!4v1620708758421!5m2!1sen!2smu\" width=\"600\" height=\"450\" style=\"border:0;\" allowfullscreen=\"\" loading=\"lazy\"><\/iframe><\/div><\/div><\/div>\n\t<div class=\"wpb_text_column wpb_content_element\" >\n\t\t<div class=\"wpb_wrapper\">\n\t\t\t\n<div class=\"wpcf7 no-js\" id=\"wpcf7-f4820-o1\" lang=\"en-US\" dir=\"ltr\">\n<div class=\"screen-reader-response\"><p role=\"status\" aria-live=\"polite\" aria-atomic=\"true\"><\/p> <ul><\/ul><\/div>\n<form action=\"\/en\/wp-json\/wp\/v2\/pages\/4813#wpcf7-f4820-o1\" method=\"post\" class=\"wpcf7-form init\" aria-label=\"Contact form\" novalidate=\"novalidate\" data-status=\"init\" data-trp-original-action=\"\/en\/wp-json\/wp\/v2\/pages\/4813#wpcf7-f4820-o1\">\n<div style=\"display: none;\">\n<input type=\"hidden\" name=\"_wpcf7\" value=\"4820\" \/>\n<input type=\"hidden\" name=\"_wpcf7_version\" value=\"5.8.2\" \/>\n<input type=\"hidden\" name=\"_wpcf7_locale\" value=\"en_US\" \/>\n<input type=\"hidden\" name=\"_wpcf7_unit_tag\" value=\"wpcf7-f4820-o1\" \/>\n<input type=\"hidden\" name=\"_wpcf7_container_post\" value=\"0\" \/>\n<input type=\"hidden\" name=\"_wpcf7_posted_data_hash\" value=\"\" \/>\n<\/div>\n<p><label> Your name *<br \/>\n<span class=\"wpcf7-form-control-wrap\" data-name=\"your-name\"><input size=\"40\" class=\"wpcf7-form-control wpcf7-text wpcf7-validates-as-required\" aria-required=\"true\" aria-invalid=\"false\" value=\"\" type=\"text\" name=\"your-name\" \/><\/span> <\/label>\n<\/p>\n<p><label> Your email *<br \/>\n<span class=\"wpcf7-form-control-wrap\" data-name=\"your-email\"><input size=\"40\" class=\"wpcf7-form-control wpcf7-email wpcf7-validates-as-required wpcf7-text wpcf7-validates-as-email\" aria-required=\"true\" aria-invalid=\"false\" value=\"\" type=\"email\" name=\"your-email\" \/><\/span> <\/label>\n<\/p>\n<p><label> Quel cours vous int\u00e9resse?<br \/>\n<span class=\"wpcf7-form-control-wrap\" data-name=\"menu-diplome\"><select class=\"wpcf7-form-control wpcf7-select\" aria-invalid=\"false\" name=\"menu-diplome\"><option value=\"Aucune\">Aucune<\/option><option value=\"Certificat de Comp\u00e9tences Professionnelles Cuisine\">Certificat de Comp\u00e9tences Professionnelles Cuisine<\/option><option value=\"Certificat de Comp\u00e9tences Professionnelles P\u00e2tisserie\">Certificat de Comp\u00e9tences Professionnelles P\u00e2tisserie<\/option><option value=\"Certificat de Comp\u00e9tences Professionnelles Barman\">Certificat de Comp\u00e9tences Professionnelles Barman<\/option><option value=\"Certificat de Comp\u00e9tences Professionnelles Sommellerie\">Certificat de Comp\u00e9tences Professionnelles Sommellerie<\/option><option value=\"Certificat de Comp\u00e9tences Professionnelles Caf\u00e9, H\u00f4tel, Restauration\">Certificat de Comp\u00e9tences Professionnelles Caf\u00e9, H\u00f4tel, Restauration<\/option><option value=\"Certificat de Comp\u00e9tences Professionnelles Chocolatier\">Certificat de Comp\u00e9tences Professionnelles Chocolatier<\/option><option value=\"Licence MACAT Culture Gastronomique Fran\u00e7aise\">Licence MACAT Culture Gastronomique Fran\u00e7aise<\/option><option value=\"Licence MACAT Management de la Restauration Gastronomique\">Licence MACAT Management de la Restauration Gastronomique<\/option><option value=\"Licence Manager Unite Hotelier de Luxe\">Licence Manager Unite Hotelier de Luxe<\/option><option value=\"Bachelor Marketing du Luxe, Fashion et Tourisme\">Bachelor Marketing du Luxe, Fashion et Tourisme<\/option><option value=\"Bachelor Sommellerie, Gastronomie et Luxury Services\">Bachelor Sommellerie, Gastronomie et Luxury Services<\/option><option value=\"MBA Management et Marketing du luxe\">MBA Management et Marketing du luxe<\/option><\/select><\/span><\/label>\n<\/p>\n<p><label> Quel est votre dernier dipl\u00f4me obtenu?<br \/>\n<span class=\"wpcf7-form-control-wrap\" data-name=\"your-subject\"><input size=\"40\" class=\"wpcf7-form-control wpcf7-text wpcf7-validates-as-required\" aria-required=\"true\" aria-invalid=\"false\" value=\"\" type=\"text\" name=\"your-subject\" \/><\/span><\/label>\n<\/p>\n<p><label> Sujet *<br \/>\n<span class=\"wpcf7-form-control-wrap\" data-name=\"your-subject\"><input size=\"40\" class=\"wpcf7-form-control wpcf7-text wpcf7-validates-as-required\" aria-required=\"true\" aria-invalid=\"false\" value=\"\" type=\"text\" name=\"your-subject\" \/><\/span> <\/label>\n<\/p>\n<p><label> Votre message *<br \/>\n<span class=\"wpcf7-form-control-wrap\" data-name=\"your-message\"><textarea cols=\"40\" rows=\"10\" class=\"wpcf7-form-control wpcf7-textarea wpcf7-validates-as-required\" aria-required=\"true\" aria-invalid=\"false\" name=\"your-message\"><\/textarea><\/span> <\/label>\n<\/p>\n<p><input class=\"wpcf7-form-control wpcf7-submit has-spinner\" type=\"submit\" value=\"Soumettre\" \/>\n<\/p><div class=\"wpcf7-response-output\" aria-hidden=\"true\"><\/div>\n<input type=\"hidden\" name=\"trp-form-language\" value=\"en\"\/><\/form>\n<\/div>\n\n\n\t\t<\/div>\n\t<\/div>\n<\/div><\/div><\/div><\/div>","protected":false},"excerpt":{"rendered":"Votre nom * Votre email * Quel cours vous int\u00e9resse? AucuneCertificat de Comp\u00e9tences Professionnelles CuisineCertificat de Comp\u00e9tences Professionnelles P\u00e2tisserieCertificat de Comp\u00e9tences Professionnelles BarmanCertificat de Comp\u00e9tences Professionnelles SommellerieCertificat de Comp\u00e9tences Professionnelles Caf\u00e9, H\u00f4tel, RestaurationCertificat de Comp\u00e9tences Professionnelles ChocolatierLicence MACAT Culture Gastronomique Fran\u00e7aiseLicence MACAT Management de la Restauration GastronomiqueLicence","protected":false},"author":1,"featured_media":0,"parent":0,"menu_order":0,"comment_status":"closed","ping_status":"closed","template":"","meta":{"_monsterinsights_skip_tracking":false,"_monsterinsights_sitenote_active":false,"_monsterinsights_sitenote_note":"","_monsterinsights_sitenote_category":0,"footnotes":""},"_links":{"self":[{"href":"https:\/\/escoffierluxuryinstitute.com\/en\/wp-json\/wp\/v2\/pages\/4813"}],"collection":[{"href":"https:\/\/escoffierluxuryinstitute.com\/en\/wp-json\/wp\/v2\/pages"}],"about":[{"href":"https:\/\/escoffierluxuryinstitute.com\/en\/wp-json\/wp\/v2\/types\/page"}],"author":[{"embeddable":true,"href":"https:\/\/escoffierluxuryinstitute.com\/en\/wp-json\/wp\/v2\/users\/1"}],"replies":[{"embeddable":true,"href":"https:\/\/escoffierluxuryinstitute.com\/en\/wp-json\/wp\/v2\/comments?post=4813"}],"version-history":[{"count":0,"href":"https:\/\/escoffierluxuryinstitute.com\/en\/wp-json\/wp\/v2\/pages\/4813\/revisions"}],"wp:attachment":[{"href":"https:\/\/escoffierluxuryinstitute.com\/en\/wp-json\/wp\/v2\/media?parent=4813"}],"curies":[{"name":"wp","href":"https:\/\/api.w.org\/{rel}","templated":true}]}}