{"id":4868,"date":"2021-06-12T10:55:39","date_gmt":"2021-06-12T10:55:39","guid":{"rendered":"http:\/\/escoffier.staging.procodeltd.com\/?page_id=4868"},"modified":"2025-04-04T12:32:42","modified_gmt":"2025-04-04T12:32:42","slug":"diplomes-a-temps-plein","status":"publish","type":"page","link":"https:\/\/escoffierluxuryinstitute.com\/en\/formation-initiale-technique-pour-etudiants\/diplomes-a-temps-plein\/","title":{"rendered":"FULL TIME DEGREES"},"content":{"rendered":"<div class=\"vc_row wpb_row vc_row-fluid\" data-lang=\"French\"><div class=\"wpb_column vc_column_container vc_col-sm-12\"><div class=\"vc_column-inner\"><div class=\"wpb_wrapper\">\n\t<div class=\"wpb_text_column wpb_content_element\" >\n\t\t<div class=\"wpb_wrapper\">\n\t\t\t<p>Institut Escoffier offers two categories of full-time courses: bachelor's and professional diploma, which are undertaken through apprenticeships.<\/p>\n<p><b>BACHELOR'S Degree<\/b><\/p>\n<p>The Institut Escoffier provides five bachelor's degrees in collaboration with prestigious French partners, which require three years of full-time study to obtain. All degrees are exclusively offered full-time from Monday to Friday at the Institut Escoffier, and technical classrooms are made available for the theoretical and practical teaching that exclusively takes place on-site. This approach further professionalizes the students. In the first year, all students, regardless of their specialization, learn the fundamental technicalities of the different professions. In other words, all bachelor's degree students at the Institut Escoffier study under full-time teachers who teach them the technical fundamentals of gastronomy, catering, luxury goods, hotel management, sommellerie, as well as management courses (law, HR, management, accounting), and marketing.<\/p>\n<p>An internship is planned at the end of the first year. In the second year, management courses are shared, while technical subjects are divided into two parts: culinary or gastronomic orientation in hotel, sommelier, and restaurant orientation. Six weeks of internship are planned at the end of the second year. In the third year of the bachelor's degree, students specialize in their chosen field. Upon completion of the third year, six months of internship are scheduled as part of the diploma.<\/p>\n<p>\u2022 <strong>Licence Professionnelle : M\u00e9tiers des Arts Culinaires et Arts de la Table, <\/strong>\u00a0in partnership with CY Cergy Paris Universit\u00e9 <a href=\"https:\/\/escoffier-institut.com\/wp-content\/uploads\/2025\/03\/Fact-Sheet-Licence-MACAT-2025.pdf\" target=\"_blank\" rel=\"noopener\">Download the brochure<\/a><\/p>\n<p>\u2022 <strong>Licence Professionnelle Manager d\u2019Unit\u00e9 H\u00f4teli\u00e8re de Luxe<\/strong><strong>,<\/strong> in partnership with CY Cergy Paris Universit\u00e9 <a href=\"https:\/\/escoffier-institut.com\/wp-content\/uploads\/2025\/03\/Fact-Sheet-Licence-MULUXE-2025.pdf\">Download the brochure<\/a><\/p>\n<p>\u2022 <strong>Bachelor Luxe &#8211; D\u00e9veloppement Commercial et Marketing<\/strong> en partenariat avec ESG Luxe (Paris) du groupe Galileo Global Education &#8211; <a href=\"https:\/\/escoffier-institut.com\/wp-content\/uploads\/2025\/03\/Fact-sheet-Bachelor-MKT-2025.pdf\">Download the brochure<\/a><\/p>\n\n\t\t<\/div>\n\t<\/div>\n<div id=\"ultimate-heading-631369f1ce82eb40e\" class=\"uvc-heading ult-adjust-bottom-margin ultimate-heading-631369f1ce82eb40e uvc-5737\" data-hspacer=\"no_spacer\"  data-halign=\"left\" style=\"text-align:left\"><div class=\"uvc-heading-spacer no_spacer\" style=\"top\"><\/div><div class=\"uvc-main-heading ult-responsive\"  data-ultimate-target='.uvc-heading.ultimate-heading-631369f1ce82eb40e h2'  data-responsive-json-new='{\"font-size\":\"desktop:30px;\",\"line-height\":\"\"}' ><h2 style=\"font-weight:normal;margin-bottom:15px;\">PROFESSIONAL DIPLOMAS<\/h2><\/div><\/div><\/div><\/div><\/div><\/div><div class=\"vc_row wpb_row vc_row-fluid\" data-lang=\"French\"><div class=\"wpb_column vc_column_container vc_col-sm-12\"><div class=\"vc_column-inner\"><div class=\"wpb_wrapper\">\n\t<div class=\"wpb_text_column wpb_content_element\" >\n\t\t<div class=\"wpb_wrapper\">\n\t\t\t<p>The Institut Escoffier offers both part-time and full-time professional degrees that involve internship with business partners. During these apprenticeships, students work under the guidance of a supervisor for a minimum of thirty-six hours per week in the industry, while receiving at least one day of training per week at the Institut Escoffier. The professional diplomas, which are equivalent to level V of the French education system, require three hundred hours of training, including two hundred hours of technical instruction and one hundred hours of theoretical study.<\/p>\n<p>Following the first level of CTH diploma, the student may pursue the second level. The CTH Level 3 diploma is only on full time basis at Institut Escoffier from Monday to Friday. Successful completion of the CTH Level 3 Diploma allows the student to pursue university studies at the Institut Escoffier<\/p>\n<p>\u2022 <strong>CTH Level 2 Diploma in Patisserie and Confectionery Skills\u00a0<\/strong><br \/>\n&#8211; <a href=\"https:\/\/escoffier-institut.com\/wp-content\/uploads\/2025\/03\/Fact-Sheet-CTH-Level-2-Diploma-Patisserie-and-Confectionery-Skills-2025.pdf\" target=\"_blank\" rel=\"noopener\">Download the brochure<\/a><\/p>\n<p>\u2022 <strong>CTH Level 2 Diploma in Culinary Skills\u00a0<\/strong><br \/>\n&#8211; <a href=\"https:\/\/escoffier-institut.com\/wp-content\/uploads\/2025\/03\/Fact-Sheet-CTH-Level-2-Culinary-Skills-2025.pdf\" target=\"_blank\" rel=\"noopener\">Download the brochure<\/a><\/p>\n<p>\u2022 <strong>CTH Level 3 Diploma in Professional Cookery\u00a0<\/strong><br \/>\nFactsheet of the course available for download\n<br \/>\nPre-registration form can be downloaded and submitted to contact@escoffier-institut.com<\/p>\n<p>\u2022 <strong>CTH Level 3 Diploma in Professional Cookery - Confectionery and Patisserie<\/strong><br \/>\nFactsheet of the course available for download\n<br \/>\nPre-registration form can be downloaded and submitted to contact@escoffier-institut.com<\/p>\n<p>\u2022 <strong>Professional diploma - Sommellerie<\/strong><br \/>\n&#8211; <a href=\"https:\/\/escoffier-institut.com\/wp-content\/uploads\/2023\/12\/EN-CCP-Wine-and-Sommelier.pdf\" target=\"_blank\" rel=\"noopener\">Download the brochure<\/a><\/p>\n<p>\u2022 <strong>Professional Diploma - Barman<\/strong><br \/>\n&#8211; <a href=\"https:\/\/escoffier-institut.com\/wp-content\/uploads\/2023\/12\/EN-CCP-Barman-.pdf\" target=\"_blank\" rel=\"noopener\">Download the brochure<\/a><\/p>\n\n\t\t<\/div>\n\t<\/div>\n<\/div><\/div><\/div><\/div>","protected":false},"excerpt":{"rendered":"Les deux cat\u00e9gories de dipl\u00f4mes \u00e0 temps plein sont les bachelors \/ licences d'une part et les dipl\u00f4mes professionnelles qui se d\u00e9roulent en apprentissage. BACHELORS \/ LICENCES L'Institut Escoffier propose cinq Bachelor \/ Licence. Trois ann\u00e9es d'\u00e9tudes \u00e0 temps plein sont requis dans le cadre de l'obtention","protected":false},"author":1,"featured_media":0,"parent":68,"menu_order":0,"comment_status":"closed","ping_status":"closed","template":"","meta":{"_monsterinsights_skip_tracking":false,"_monsterinsights_sitenote_active":false,"_monsterinsights_sitenote_note":"","_monsterinsights_sitenote_category":0,"footnotes":""},"_links":{"self":[{"href":"https:\/\/escoffierluxuryinstitute.com\/en\/wp-json\/wp\/v2\/pages\/4868"}],"collection":[{"href":"https:\/\/escoffierluxuryinstitute.com\/en\/wp-json\/wp\/v2\/pages"}],"about":[{"href":"https:\/\/escoffierluxuryinstitute.com\/en\/wp-json\/wp\/v2\/types\/page"}],"author":[{"embeddable":true,"href":"https:\/\/escoffierluxuryinstitute.com\/en\/wp-json\/wp\/v2\/users\/1"}],"replies":[{"embeddable":true,"href":"https:\/\/escoffierluxuryinstitute.com\/en\/wp-json\/wp\/v2\/comments?post=4868"}],"version-history":[{"count":11,"href":"https:\/\/escoffierluxuryinstitute.com\/en\/wp-json\/wp\/v2\/pages\/4868\/revisions"}],"predecessor-version":[{"id":5525,"href":"https:\/\/escoffierluxuryinstitute.com\/en\/wp-json\/wp\/v2\/pages\/4868\/revisions\/5525"}],"up":[{"embeddable":true,"href":"https:\/\/escoffierluxuryinstitute.com\/en\/wp-json\/wp\/v2\/pages\/68"}],"wp:attachment":[{"href":"https:\/\/escoffierluxuryinstitute.com\/en\/wp-json\/wp\/v2\/media?parent=4868"}],"curies":[{"name":"wp","href":"https:\/\/api.w.org\/{rel}","templated":true}]}}