{"id":4929,"date":"2021-06-14T17:32:35","date_gmt":"2021-06-14T17:32:35","guid":{"rendered":"http:\/\/escoffier.staging.procodeltd.com\/?page_id=4929"},"modified":"2023-11-24T05:32:08","modified_gmt":"2023-11-24T05:32:08","slug":"semaine-dintegration","status":"publish","type":"page","link":"https:\/\/escoffierluxuryinstitute.com\/en\/service-authentique\/semaine-dintegration\/","title":{"rendered":"INTEGRATION WEEK"},"content":{"rendered":"<div class=\"vc_row wpb_row vc_row-fluid\" data-lang=\"French\"><div class=\"wpb_column vc_column_container vc_col-sm-12\"><div class=\"vc_column-inner\"><div class=\"wpb_wrapper\">\n\t<div class=\"wpb_text_column wpb_content_element\" >\n\t\t<div class=\"wpb_wrapper\">\n\t\t\t<p>To ensure a seamless onboarding process for new students and to enhance the learning experience of returning ones, the Institut Escoffier has organized an integration week.<\/p>\n<p>The primary aim of this week is to foster stronger relationships among students, promote the core values of the Institut Escoffier, facilitate participation in pedagogical games, enhance familiarity with faculty members, and introduce students to the diverse range of club activities.<\/p>\n<p>To achieve these objectives, a residential team-building event has been planned, where students can engage in various group activities and exercises.<\/p>\n\n\t\t<\/div>\n\t<\/div>\n\n\t<div  class=\"wpb_single_image wpb_content_element vc_align_left\">\n\t\t\n\t\t<figure class=\"wpb_wrapper vc_figure\">\n\t\t\t<div class=\"vc_single_image-wrapper   vc_box_border_grey\"><img width=\"1280\" height=\"960\" src=\"https:\/\/escoffierluxuryinstitute.com\/wp-content\/uploads\/2021\/06\/TEAM-BUILDING.jpg\" class=\"vc_single_image-img attachment-full\" alt=\"Team Building\" decoding=\"async\" srcset=\"https:\/\/escoffierluxuryinstitute.com\/wp-content\/uploads\/2021\/06\/TEAM-BUILDING.jpg 1280w, https:\/\/escoffierluxuryinstitute.com\/wp-content\/uploads\/2021\/06\/TEAM-BUILDING-300x225.jpg 300w, https:\/\/escoffierluxuryinstitute.com\/wp-content\/uploads\/2021\/06\/TEAM-BUILDING-1024x768.jpg 1024w, https:\/\/escoffierluxuryinstitute.com\/wp-content\/uploads\/2021\/06\/TEAM-BUILDING-768x576.jpg 768w\" sizes=\"(max-width: 1280px) 100vw, 1280px\" \/><\/div>\n\t\t<\/figure>\n\t<\/div>\n<\/div><\/div><\/div><\/div>","protected":false},"excerpt":{"rendered":"Afin de faciliter l`int\u00e9gration des nouveaux \u00e9tudiants et de parfaire l`apprentissage des anciens, une semaine d`int\u00e9gration est pr\u00e9vue. Celle-ci se donne pour objectif de permettre aux \u00e9tudiants de mieux se conna\u00eetre, d`apprendre les valeurs de l`Institut Escoffier, de participer aux jeux p\u00e9dagogiques, de mieux conna\u00eetre les enseignants,","protected":false},"author":1,"featured_media":0,"parent":506,"menu_order":0,"comment_status":"closed","ping_status":"closed","template":"","meta":{"_monsterinsights_skip_tracking":false,"_monsterinsights_sitenote_active":false,"_monsterinsights_sitenote_note":"","_monsterinsights_sitenote_category":0,"footnotes":""},"_links":{"self":[{"href":"https:\/\/escoffierluxuryinstitute.com\/en\/wp-json\/wp\/v2\/pages\/4929"}],"collection":[{"href":"https:\/\/escoffierluxuryinstitute.com\/en\/wp-json\/wp\/v2\/pages"}],"about":[{"href":"https:\/\/escoffierluxuryinstitute.com\/en\/wp-json\/wp\/v2\/types\/page"}],"author":[{"embeddable":true,"href":"https:\/\/escoffierluxuryinstitute.com\/en\/wp-json\/wp\/v2\/users\/1"}],"replies":[{"embeddable":true,"href":"https:\/\/escoffierluxuryinstitute.com\/en\/wp-json\/wp\/v2\/comments?post=4929"}],"version-history":[{"count":2,"href":"https:\/\/escoffierluxuryinstitute.com\/en\/wp-json\/wp\/v2\/pages\/4929\/revisions"}],"predecessor-version":[{"id":5411,"href":"https:\/\/escoffierluxuryinstitute.com\/en\/wp-json\/wp\/v2\/pages\/4929\/revisions\/5411"}],"up":[{"embeddable":true,"href":"https:\/\/escoffierluxuryinstitute.com\/en\/wp-json\/wp\/v2\/pages\/506"}],"wp:attachment":[{"href":"https:\/\/escoffierluxuryinstitute.com\/en\/wp-json\/wp\/v2\/media?parent=4929"}],"curies":[{"name":"wp","href":"https:\/\/api.w.org\/{rel}","templated":true}]}}