{"id":50,"date":"2016-10-19T06:26:21","date_gmt":"2016-10-19T06:26:21","guid":{"rendered":"http:\/\/institutescoffier.mu\/?page_id=50"},"modified":"2023-12-20T04:04:22","modified_gmt":"2023-12-20T04:04:22","slug":"notre-histoire","status":"publish","type":"page","link":"https:\/\/escoffierluxuryinstitute.com\/en\/notre-histoire\/","title":{"rendered":"OUR HISTORY"},"content":{"rendered":"<div class=\"vc_row wpb_row vc_row-fluid\" data-lang=\"French\"><div class=\"wpb_column vc_column_container vc_col-sm-12\"><div class=\"vc_column-inner\"><div class=\"wpb_wrapper\">\n\t<div class=\"wpb_text_column wpb_content_element\" >\n\t\t<div class=\"wpb_wrapper\">\n\t\t\t<p>\u00a0&nbsp;<\/p>\n<p>Founded in 2014, Institut Escoffier is a Mauritian private institution that was conceived with the vision of Dr. Jerome Fabre and Tiina Fabre, who sought to establish an internationally recognized institution that could cater to the needs of the Luxury industry and support Mauritius' objective of achieving a high-income economy.<\/p>\n<p>\u00a0The institution, specializing in Luxury professions, strives to surpass the scope of the hotel industry by encompassing fields such as Gastronomy, Catering, Oenology, Management, and Luxury marketing. Institut Escoffier aims to equip its students with the necessary technical skills and knowledge essential to master and excel in these industries and meet the high standards of Luxury service.<\/p>\n\n\t\t<\/div>\n\t<\/div>\n<\/div><\/div><\/div><\/div><div class=\"vc_row wpb_row vc_row-fluid\" data-lang=\"French\"><div class=\"wpb_column vc_column_container vc_col-sm-12\"><div class=\"vc_column-inner\"><div class=\"wpb_wrapper\">\n\t<div class=\"wpb_text_column wpb_content_element\" >\n\t\t<div class=\"wpb_wrapper\">\n\t\t\t<p>Lead by Dr. Jerome Fabre, art is given a preeminent role at Institut Escoffier. The culinary arts, in particular, hold a significant value, and the institution's programs encompass elements of theater, scenic expression, performance, elocution, and posture, spanning from the Certificate level up to the MBA level.<\/p>\n<p>Despite initial skepticism, the establishment of the Institut Escoffier in Mauritius was made possible by the convergence of great minds, including renowned chefs such as Mooroogen Coopen, Michel Giacomino, Yves Dumont, and Yves Bouvier, as well as visionaries like Kervyn Rayeroux and Rolph Schmid, to mention just a few.<\/p>\n\n\t\t<\/div>\n\t<\/div>\n<\/div><\/div><\/div><\/div>","protected":false},"excerpt":{"rendered":"Incorpor\u00e9 en 2014, l`Institut Escoffier est un \u00e9tablissement de droit priv\u00e9 mauricien. A l`origine, la vision du Dr. Jerome Fabre et de Tiina Fabre est de cr\u00e9er un institut international qui r\u00e9pondent aux besoins de l`industrie du luxe afin de soutenir le projet de l`Ile Maurice \u00e0","protected":false},"author":1,"featured_media":0,"parent":0,"menu_order":0,"comment_status":"closed","ping_status":"closed","template":"","meta":{"_monsterinsights_skip_tracking":false,"_monsterinsights_sitenote_active":false,"_monsterinsights_sitenote_note":"","_monsterinsights_sitenote_category":0,"footnotes":""},"_links":{"self":[{"href":"https:\/\/escoffierluxuryinstitute.com\/en\/wp-json\/wp\/v2\/pages\/50"}],"collection":[{"href":"https:\/\/escoffierluxuryinstitute.com\/en\/wp-json\/wp\/v2\/pages"}],"about":[{"href":"https:\/\/escoffierluxuryinstitute.com\/en\/wp-json\/wp\/v2\/types\/page"}],"author":[{"embeddable":true,"href":"https:\/\/escoffierluxuryinstitute.com\/en\/wp-json\/wp\/v2\/users\/1"}],"replies":[{"embeddable":true,"href":"https:\/\/escoffierluxuryinstitute.com\/en\/wp-json\/wp\/v2\/comments?post=50"}],"version-history":[{"count":5,"href":"https:\/\/escoffierluxuryinstitute.com\/en\/wp-json\/wp\/v2\/pages\/50\/revisions"}],"predecessor-version":[{"id":5440,"href":"https:\/\/escoffierluxuryinstitute.com\/en\/wp-json\/wp\/v2\/pages\/50\/revisions\/5440"}],"wp:attachment":[{"href":"https:\/\/escoffierluxuryinstitute.com\/en\/wp-json\/wp\/v2\/media?parent=50"}],"curies":[{"name":"wp","href":"https:\/\/api.w.org\/{rel}","templated":true}]}}