{"id":5007,"date":"2021-06-25T09:38:18","date_gmt":"2021-06-25T09:38:18","guid":{"rendered":"http:\/\/escoffier.staging.procodeltd.com\/?page_id=5007"},"modified":"2025-05-05T04:57:54","modified_gmt":"2025-05-05T04:57:54","slug":"diplomes-a-temps-partiel","status":"publish","type":"page","link":"https:\/\/escoffierluxuryinstitute.com\/en\/formation-initiale-technique-pour-etudiants\/diplomes-a-temps-partiel\/","title":{"rendered":"PART TIME PROGRAMS"},"content":{"rendered":"<div class=\"vc_row wpb_row vc_row-fluid\" data-lang=\"French\"><div class=\"wpb_column vc_column_container vc_col-sm-12\"><div class=\"vc_column-inner\"><div class=\"wpb_wrapper\">\n\t<div class=\"wpb_text_column wpb_content_element\" >\n\t\t<div class=\"wpb_wrapper\">\n\t\t\t<p class=\"translation-block\"><b>Institut Escoffier provides part-time training programs aimed at facilitating adult learners to effectively balance their professional responsibilities with their academic pursuits<\/b><\/p>\n<p>L`Institut Escoffier propose pour les professionnels, semi professionnels et adultes en reconversion professionnelle \u00e0 la fois des formations dipl\u00f4mantes \u00e0 temps partiel (MBA ou CTH Diploma Level) et des formations courtes.<\/p>\n\n\t\t<\/div>\n\t<\/div>\n<div id=\"ultimate-heading-340269f1cddd98874\" class=\"uvc-heading ult-adjust-bottom-margin ultimate-heading-340269f1cddd98874 uvc-7945\" data-hspacer=\"no_spacer\"  data-halign=\"left\" style=\"text-align:left\"><div class=\"uvc-heading-spacer no_spacer\" style=\"top\"><\/div><div class=\"uvc-main-heading ult-responsive\"  data-ultimate-target='.uvc-heading.ultimate-heading-340269f1cddd98874 h2'  data-responsive-json-new='{\"font-size\":\"\",\"line-height\":\"\"}' ><h2 style=\"font-weight:normal;\">MBA<\/h2><\/div><\/div><\/div><\/div><\/div><\/div><div class=\"vc_row wpb_row vc_row-fluid\" data-lang=\"French\"><div class=\"wpb_column vc_column_container vc_col-sm-6\"><div class=\"vc_column-inner\"><div class=\"wpb_wrapper\">\n\t<div class=\"wpb_text_column wpb_content_element\" >\n\t\t<div class=\"wpb_wrapper\">\n\t\t\t<p><b>MANAGER EN MARKETING DU LUXE\u00a0<\/b><\/p>\n<p>The MBA offered by the Institut Escoffier goes beyond a Master's degree in Hospitality, as it is specifically designed for those seeking a career in the luxury industry. \nIn partnership with the esteemed Ecole Sup\u00e9rieur de Gestion de Paris (ESG), the Institut Escoffier proudly presents the only MBA- Manager in Luxury Marketing in Mauritius.<\/p>\n\n\t\t<\/div>\n\t<\/div>\n\n\t<div  class=\"wpb_single_image wpb_content_element vc_align_right\">\n\t\t\n\t\t<figure class=\"wpb_wrapper vc_figure\">\n\t\t\t<div class=\"vc_single_image-wrapper   vc_box_border_grey\"><\/div>\n\t\t<\/figure>\n\t<\/div>\n<\/div><\/div><\/div><div class=\"wpb_column vc_column_container vc_col-sm-2\/5\"><div class=\"vc_column-inner\"><div class=\"wpb_wrapper\"><\/div><\/div><\/div><\/div><div class=\"vc_row wpb_row vc_row-fluid\" data-lang=\"French\"><div class=\"wpb_column vc_column_container vc_col-sm-12\"><div class=\"vc_column-inner\"><div class=\"wpb_wrapper\">\n\t<div class=\"wpb_text_column wpb_content_element\" >\n\t\t<div class=\"wpb_wrapper\">\n\t\t\t<div class=\"vc_row wpb_row vc_row-fluid\">\n<div class=\"wpb_column vc_column_container vc_col-sm-12\">\n<div class=\"vc_column-inner\">\n<div class=\"wpb_wrapper\">\n<div class=\"wpb_text_column wpb_content_element\">\n<div class=\"wpb_wrapper\">\n<p><b>Here are some of the highlights of the MBA program:<\/b><\/p>\n<p>1. The MBA program was established in 2020 and has an extensive alumni network of over 670 graduates.<\/p>\n<p>2. The MBA is ranked 6th in the Best Masters, MSC, and MBA category of the 2020 Eduniversal Ranking.<\/p>\n<p>3. In the 2018 Eduniversal World Ranking, the MBA is ranked 15th among international Master's programs.<\/p>\n<p>4.  Admission to M1 and M2 is based on the candidate's experience and educational background HSC.<\/p>\n<p>5. The MBA program offers several guest lectures and company visits by professionals from the luxury industry.<\/p>\n<p>6. Conferences featuring various luxury professions such as Les Palaces, Herm\u00e8s, Couture, Automobile, etc. are also held regularly.<\/p>\n<p>7. The program focuses on alternating theoretical knowledge with practical training.<\/p>\n<p>8.  The MBA program is headed by Joel Fauvelet de Charbonni\u00e8re de Bourrienne, who holds an MBA in International Commerce from the University of California and has 20 years of experience in the international luxury industry as the Managing Director of an International Luxury Consultancy firm.\n<\/p><\/div>\n<\/div>\n<\/div>\n<\/div>\n<\/div>\n<\/div>\n<div class=\"vc_row wpb_row vc_row-fluid\">\n<div class=\"wpb_column vc_column_container vc_col-sm-12\">\n<div class=\"vc_column-inner\">\n<div class=\"wpb_wrapper\">\n<div class=\"wpb_text_column wpb_content_element\">\n<div class=\"wpb_wrapper\">\n<p><b>CAREER OPPORTUNITIES:<\/b><\/p>\n<p>Upon completing this MBA program, you will have the opportunity to pursue a career in the luxury segment, including roles such as:<\/p>\n<p>1. Company or Department Director of a luxury company<br \/>\n2. Marketing, Event and Communication Manager<\/p>\n<p>In addition to the luxury hotel industry, this MBA will prepare you to pursue a career in other sectors such as luxury car, jewellery, perfumery, gastronomy, watchmaking, cosmetology, couture, haute couture, insurance, and banking.<\/p>\n<p><b>OBJECTIVES:<\/b><\/p>\n<p>This MBA program is designed to equip you with the necessary skills to succeed in luxury management and marketing. Upon completion, you will have acquired the following skills:<\/p>\n<p>1. Leading and overseeing strategic projects.<br \/>\n2. Managing teams, departments, or companies.<br \/>\n3. Developing brand management strategies and communication plans.<br \/>\n4. Conducting marketing diagnosis and analysis.<br \/>\n5. Defining marketing strategies and developing marketing plans.<br \/>\n6. Implementing distribution and merchandising strategies.<\/p>\n<p><b>DURATION<\/b><\/p>\n<p>The MBA program is a two-year course with a total of 546 hours of instruction per year.<br \/>\nThe program are both in French and English, and assessments are conducted in both languages to evaluate the students' mastery of the course content.<\/div>\n<\/div>\n<\/div>\n<\/div>\n<\/div>\n<\/div>\n\n\t\t<\/div>\n\t<\/div>\n<\/div><\/div><\/div><\/div><div class=\"vc_row wpb_row vc_row-fluid\" data-lang=\"French\"><div class=\"wpb_column vc_column_container vc_col-sm-12\"><div class=\"vc_column-inner\"><div class=\"wpb_wrapper\"><div id=\"ultimate-heading-451269f1cddd9a06a\" class=\"uvc-heading ult-adjust-bottom-margin ultimate-heading-451269f1cddd9a06a uvc-6152\" data-hspacer=\"no_spacer\"  data-halign=\"left\" style=\"text-align:left\"><div class=\"uvc-heading-spacer no_spacer\" style=\"top\"><\/div><div class=\"uvc-main-heading ult-responsive\"  data-ultimate-target='.uvc-heading.ultimate-heading-451269f1cddd9a06a h2'  data-responsive-json-new='{\"font-size\":\"\",\"line-height\":\"\"}' ><h2 style=\"font-weight:normal;\">PROFESSIONAL DIPLOMAS<\/h2><\/div><\/div><\/div><\/div><\/div><\/div><div class=\"vc_row wpb_row vc_row-fluid\" data-lang=\"French\"><div class=\"wpb_column vc_column_container vc_col-sm-12\"><div class=\"vc_column-inner\"><div class=\"wpb_wrapper\">\n\t<div class=\"wpb_text_column wpb_content_element\" >\n\t\t<div class=\"wpb_wrapper\">\n\t\t\t<p>Les dipl\u00f4mes professionnels de l`Institut Escoffier sont d\u00e9livr\u00e9s en partenariat avec le Confederation of Tourism &amp; Hospitality (CTH). Ces dipl\u00f4mes professionnels favorisent l`apprentissage d`un m\u00e9tier en obtenant un dipl\u00f4me international.<\/p>\n<p>\u2022 <strong>CTH Level 2 Diploma Patisserie and Confectionery Skills<\/strong><br \/>\n\u2013 <a href=\"https:\/\/escoffier-institut.com\/wp-content\/uploads\/2025\/03\/Fact-Sheet-CTH-Level-2-Diploma-Patisserie-and-Confectionery-Skills-2025.pdf\" target=\"_blank\" rel=\"noopener\">Download the brochure<\/a><\/p>\n<p>\u2022 <strong>CTH Level 2 in Culinary Skills<\/strong><br \/>\n\u2013 <a href=\"https:\/\/escoffier-institut.com\/wp-content\/uploads\/2025\/03\/Fact-Sheet-CTH-Level-2-Culinary-Skills-2025.pdf\" target=\"_blank\" rel=\"noopener\">Download the brochure<\/a><\/p>\n<p>\u2022 <strong>CTH Level 3 Diploma in Professional Cookery &#8211; Confectionery and Patisserie<\/strong><br \/>\nProfessional Certificate program in Pastry \n<br \/>\nFact sheet of the course available for download<\/p>\n<p>\u2022 <strong>CTH Level 3 Diploma in Professional Cookery<\/strong><br \/>\nProfessional Certificate program in Pastry \n<br \/>\nFact sheet of the course available for download<\/p>\n<p>\u2022 <strong>Level 2 Diploma &#8211; Customer Service &amp; Marketing\u00a0<\/strong><br \/>\n\u2013 <a href=\"https:\/\/escoffier-institut.com\/wp-content\/uploads\/2024\/08\/EBS-Customer-service-and-marketing-level-1.pdf\" target=\"_blank\" rel=\"noopener\">Download the brochure<\/a><\/p>\n<p>\u2022 <strong>Level 3 Diploma<\/strong><strong>\u00a0&#8211; Customer Service &amp; Marketing\u00a0<\/strong><br \/>\n\u2013 <a href=\"https:\/\/escoffier-institut.com\/wp-content\/uploads\/2024\/08\/EBS-Customer-service-and-marketing-level-2.pdf\" target=\"_blank\" rel=\"noopener\">Download the brochure<\/a><\/p>\n<p>\u2022 <strong>Level 2 Diploma<\/strong><strong>\u00a0&#8211; Business Management\u00a0<\/strong><br \/>\n\u2013 <a href=\"https:\/\/escoffier-institut.com\/wp-content\/uploads\/2024\/08\/EBS-Business-Management-level-1.pdf\" target=\"_blank\" rel=\"noopener\">Download the brochure<\/a><\/p>\n<p>\u2022 <strong>Level 3 Diploma<\/strong><strong>\u00a0<\/strong><strong>&#8211; Business Management\u00a0<\/strong><br \/>\n\u2013 <a href=\"https:\/\/escoffier-institut.com\/wp-content\/uploads\/2024\/08\/EBS-EBS-Business-Management-level-2.pdf\" target=\"_blank\" rel=\"noopener\">Download the brochure<\/a><\/p>\n\n\t\t<\/div>\n\t<\/div>\n<\/div><\/div><\/div><\/div>","protected":false},"excerpt":{"rendered":"Les programmes de formation \u00e0 temps partiel sont destin\u00e9s aux adultes afin d`alterner obligations professionnelles et formation. L`Institut Escoffier propose pour les professionnels, semi professionnels et adultes en reconversion professionnelle \u00e0 la fois des formations dipl\u00f4mantes \u00e0 temps partiel (MBA ou CTH Diploma Level) et des formations","protected":false},"author":1,"featured_media":0,"parent":68,"menu_order":0,"comment_status":"closed","ping_status":"closed","template":"","meta":{"_monsterinsights_skip_tracking":false,"_monsterinsights_sitenote_active":false,"_monsterinsights_sitenote_note":"","_monsterinsights_sitenote_category":0,"footnotes":""},"_links":{"self":[{"href":"https:\/\/escoffierluxuryinstitute.com\/en\/wp-json\/wp\/v2\/pages\/5007"}],"collection":[{"href":"https:\/\/escoffierluxuryinstitute.com\/en\/wp-json\/wp\/v2\/pages"}],"about":[{"href":"https:\/\/escoffierluxuryinstitute.com\/en\/wp-json\/wp\/v2\/types\/page"}],"author":[{"embeddable":true,"href":"https:\/\/escoffierluxuryinstitute.com\/en\/wp-json\/wp\/v2\/users\/1"}],"replies":[{"embeddable":true,"href":"https:\/\/escoffierluxuryinstitute.com\/en\/wp-json\/wp\/v2\/comments?post=5007"}],"version-history":[{"count":14,"href":"https:\/\/escoffierluxuryinstitute.com\/en\/wp-json\/wp\/v2\/pages\/5007\/revisions"}],"predecessor-version":[{"id":5538,"href":"https:\/\/escoffierluxuryinstitute.com\/en\/wp-json\/wp\/v2\/pages\/5007\/revisions\/5538"}],"up":[{"embeddable":true,"href":"https:\/\/escoffierluxuryinstitute.com\/en\/wp-json\/wp\/v2\/pages\/68"}],"wp:attachment":[{"href":"https:\/\/escoffierluxuryinstitute.com\/en\/wp-json\/wp\/v2\/media?parent=5007"}],"curies":[{"name":"wp","href":"https:\/\/api.w.org\/{rel}","templated":true}]}}