{"id":52,"date":"2016-10-19T06:26:32","date_gmt":"2016-10-19T06:26:32","guid":{"rendered":"http:\/\/institutescoffier.mu\/?page_id=52"},"modified":"2025-03-31T05:00:36","modified_gmt":"2025-03-31T05:00:36","slug":"notre-carte-identite","status":"publish","type":"page","link":"https:\/\/escoffierluxuryinstitute.com\/en\/notre-carte-identite\/","title":{"rendered":"OUR IDENTITY"},"content":{"rendered":"<div class=\"vc_row wpb_row vc_row-fluid\" data-lang=\"French\"><div class=\"wpb_column vc_column_container vc_col-sm-12\"><div class=\"vc_column-inner\"><div class=\"wpb_wrapper\">\n\t<div class=\"wpb_text_column wpb_content_element\" >\n\t\t<div class=\"wpb_wrapper\">\n\t\t\t<p>Institut Escoffier is a Globaly recognised institution that specializes in training future professional for the Luxury industry with a French touch.<\/p>\n<p>With locations in Paris, Japan, USA, Costa Rica, Manila, and now Mauritius, the Institut Escoffier is deeply rooted in the culinary arts traditions. However, the Mauritian institution takes a wider approach to the definition of taste, encompassing not only the gustatory and culinary dimensions, but also the luxury professions that demand refinement and sophistication. French pastry is just one of the many component of the institution's luxury curriculum, which also covers Luxury Hospitality, \"Sommellerie\", Gastronomy, Tourism, and Luxury Marketing - including Luxury car Brands, Fashion Houses, Cosmetics, Jewellery and Horolory.<\/p>\n<p>Sp\u00e9cialiste des m\u00e9tiers du luxe, l`Institut Escoffier propose des formations dipl\u00f4mantes fran\u00e7aises pour \u00e9tudiants (licences professionnelles, bachelor sp\u00e9cialis\u00e9s et MBA), des contrats d`apprentissages pour \u00e9l\u00e8ves (CTH Level Diploma en P\u00e2tisserie ; Cuisine ; Boulangerie et H\u00f4tellerie, Caf\u00e9 et Restauration). Les \u00e9tudiants de l`Institut Escoffier peuvent \u00e9galement poursuivre un dipl\u00f4me de niveau baccalaur\u00e9at professionnel. Ces dipl\u00f4mes professionnels sont \u00e9galement propos\u00e9s aux adultes cherchant une reconversion professionnelle. De plus, des formations courtes sont \u00e9galement propos\u00e9es aux amateurs. Enfin, des missions de conseil et d`accompagnement sont \u00e9galement propos\u00e9es aux entreprises.<\/p>\n\n\t\t<\/div>\n\t<\/div>\n<\/div><\/div><\/div><\/div>","protected":false},"excerpt":{"rendered":"L`Institut Escoffier est un \u00e9tablissement international sp\u00e9cialiste de la formation des m\u00e9tiers de luxe \u00e0 la francaise. Apr\u00e8s Paris, Japon, Usa, Costa Rica, Manille, l`Institut Escoffier de l`Ile Maurice \u00e9merge dans la tradition des arts culinaires. Cependant, si le go\u00fbt, pris au sens gustatif est au c\u0153ur","protected":false},"author":1,"featured_media":0,"parent":0,"menu_order":0,"comment_status":"closed","ping_status":"closed","template":"","meta":{"_monsterinsights_skip_tracking":false,"_monsterinsights_sitenote_active":false,"_monsterinsights_sitenote_note":"","_monsterinsights_sitenote_category":0,"footnotes":""},"_links":{"self":[{"href":"https:\/\/escoffierluxuryinstitute.com\/en\/wp-json\/wp\/v2\/pages\/52"}],"collection":[{"href":"https:\/\/escoffierluxuryinstitute.com\/en\/wp-json\/wp\/v2\/pages"}],"about":[{"href":"https:\/\/escoffierluxuryinstitute.com\/en\/wp-json\/wp\/v2\/types\/page"}],"author":[{"embeddable":true,"href":"https:\/\/escoffierluxuryinstitute.com\/en\/wp-json\/wp\/v2\/users\/1"}],"replies":[{"embeddable":true,"href":"https:\/\/escoffierluxuryinstitute.com\/en\/wp-json\/wp\/v2\/comments?post=52"}],"version-history":[{"count":2,"href":"https:\/\/escoffierluxuryinstitute.com\/en\/wp-json\/wp\/v2\/pages\/52\/revisions"}],"predecessor-version":[{"id":5506,"href":"https:\/\/escoffierluxuryinstitute.com\/en\/wp-json\/wp\/v2\/pages\/52\/revisions\/5506"}],"wp:attachment":[{"href":"https:\/\/escoffierluxuryinstitute.com\/en\/wp-json\/wp\/v2\/media?parent=52"}],"curies":[{"name":"wp","href":"https:\/\/api.w.org\/{rel}","templated":true}]}}