{"id":60,"date":"2016-10-19T06:30:39","date_gmt":"2016-10-19T06:30:39","guid":{"rendered":"http:\/\/institutescoffier.mu\/?page_id=60"},"modified":"2021-06-12T10:09:42","modified_gmt":"2021-06-12T10:09:42","slug":"un-reseau-mondial-de-professionnels","status":"publish","type":"page","link":"https:\/\/escoffierluxuryinstitute.com\/en\/un-reseau-mondial-de-professionnels\/","title":{"rendered":"UN RESEAU MONDIAL DE PROFESSIONNELS"},"content":{"rendered":"<div data-vc-full-width=\"true\" data-vc-full-width-init=\"false\" class=\"vc_row wpb_row vc_row-fluid\" data-lang=\"French\"><div class=\"wpb_column vc_column_container vc_col-sm-6\"><div class=\"vc_column-inner\"><div class=\"wpb_wrapper\">\n\t<div class=\"wpb_text_column wpb_content_element\" >\n\t\t<div class=\"wpb_wrapper\">\n\t\t\t<p>Plus de quatre-vingt ans apr\u00e8s sa disparition (1935), Auguste Escoffier reste le ma\u00eetre de la cuisine fran\u00e7aise moderne sans avoir rien perdu de sa modernit\u00e9.<\/p>\n<p>L`h\u00e9ritage d`Auguste Escoffier se perp\u00e9tue en autre par l`association Disciples Escoffier International cr\u00e9\u00e9e en 1954 par Jean Ducroux, chef de cuisine \u00e0 Nice et Pr\u00e9sident de la Fraternelle des Cuisiniers. Les Disciples d`Escoffier \u0153uvre \u00e0 travers le monde pour perp\u00e9tuer l`Esprit Escoffier.<\/p>\n\n\t\t<\/div>\n\t<\/div>\n<\/div><\/div><\/div><div class=\"wpb_column vc_column_container vc_col-sm-6\"><div class=\"vc_column-inner\"><div class=\"wpb_wrapper\">\n\t<div  class=\"wpb_single_image wpb_content_element vc_align_center\">\n\t\t\n\t\t<figure class=\"wpb_wrapper vc_figure\">\n\t\t\t<div class=\"vc_single_image-wrapper   vc_box_border_grey\"><img width=\"291\" height=\"194\" src=\"https:\/\/escoffierluxuryinstitute.com\/wp-content\/uploads\/2019\/02\/maurice.png\" class=\"vc_single_image-img attachment-full\" alt=\"\" decoding=\"async\" \/><\/div><figcaption class=\"vc_figure-caption\">\u00abYves Bouvier, Pr\u00e9sident de l`Ordre International des Disciples d`Escoffier -zone Oc\u00e9an Indien, \u00e0 la c\u00e9r\u00e9monie d`intronisation des nouveaux membres, Ile Maurice, 2018 \u00bb<\/figcaption>\n\t\t<\/figure>\n\t<\/div>\n<\/div><\/div><\/div><\/div><div class=\"vc_row-full-width vc_clearfix\"><\/div><div class=\"vc_row wpb_row vc_row-fluid\" data-lang=\"French\"><div class=\"wpb_column vc_column_container vc_col-sm-12\"><div class=\"vc_column-inner\"><div class=\"wpb_wrapper\">\n\t<div class=\"wpb_text_column wpb_content_element\" >\n\t\t<div class=\"wpb_wrapper\">\n\t\t\t<p style=\"text-align: Justify;\">Un premier Chapitre s\u2019est tenu au d\u00e9but des ann\u00e9es 60 sous la pr\u00e9sidence d\u2019<strong><u>Eug\u00e8ne Herbodeau\u00a0<\/u><\/strong>qui avait travaill\u00e9 avec Escoffier et \u00e9crit un livre sur lui avec\u00a0<strong>Paul Thalamas<\/strong>, un de ses autres fid\u00e8les. Quatre-vingt Disciples furent intronis\u00e9s ce jour-l\u00e0.<br \/>\nLes Disciples d\u2019Auguste Escoffier se d\u00e9velopp\u00e8rent alors dans toute la France et \u00e0 l\u2019international.<\/p>\n\n\t\t<\/div>\n\t<\/div>\n<\/div><\/div><\/div><\/div><div class=\"vc_row wpb_row vc_row-fluid\" data-lang=\"French\"><div class=\"wpb_column vc_column_container vc_col-sm-12\"><div class=\"vc_column-inner\"><div class=\"wpb_wrapper\">\n\t<div class=\"wpb_text_column wpb_content_element\" >\n\t\t<div class=\"wpb_wrapper\">\n\t\t\t<p>Le President actuel est Nicolas Sale. A travers le monde, les Disciples d`Escoffier repr\u00e9sente plus de 25 000 membres, passionn\u00e9s par la formation et la transmission. Le Pr\u00e9sident d`Honneur H\u00e9r\u00e9ditaire (repr\u00e9sentant de la famille Escoffier) est Michel Escoffier.<\/p>\n\n\t\t<\/div>\n\t<\/div>\n<\/div><\/div><\/div><\/div><div class=\"vc_row wpb_row vc_row-fluid\" data-lang=\"French\"><div class=\"wpb_column vc_column_container vc_col-sm-12\"><div class=\"vc_column-inner\"><div class=\"wpb_wrapper\">\n\t<div class=\"wpb_text_column wpb_content_element\" >\n\t\t<div class=\"wpb_wrapper\">\n\t\t\t<p style=\"text-align: justify;\">Les Disciples d`Escoffier sont pr\u00e9sent dans les pays suivants : Afrique du Sud, Australie, Benelux, Canada, Chine, Cor\u00e9e, Grande Chine Pays Asie, France, Hong Kong, Ile Maurice, Italie, Japon, Macoa, Madagascar, Nouvelle Cal\u00e9donie, Pays Catalan et Occitan, Philippes, Portugal, R\u00e9union Oc\u00e9an Indien, Royaume Uni, Russie, Singapour, Suisse, Thailande, USA, Vietnam\u2026<\/p>\n<p style=\"text-align: justify;\"><strong>Source\u00a0: www.disciples-escoffier.com<\/strong><\/p>\n\n\t\t<\/div>\n\t<\/div>\n<\/div><\/div><\/div><\/div><div class=\"vc_row wpb_row vc_row-fluid\" data-lang=\"French\"><div class=\"wpb_column vc_column_container vc_col-sm-4\"><div class=\"vc_column-inner\"><div class=\"wpb_wrapper\">\n\t<div  class=\"wpb_single_image wpb_content_element vc_align_left\">\n\t\t\n\t\t<figure class=\"wpb_wrapper vc_figure\">\n\t\t\t<div class=\"vc_single_image-wrapper   vc_box_border_grey\"><img class=\"vc_single_image-img\" src=\"https:\/\/escoffierluxuryinstitute.com\/wp-content\/uploads\/2016\/10\/Picture14-500x339.jpg\" width=\"500\" height=\"339\" alt=\"Intronisation Disciples Escoffier USA\" title=\"Intronisation Disciples Escoffier  USA\" \/><\/div><figcaption class=\"vc_figure-caption\">Intronisation Disciples Escoffier USA<\/figcaption>\n\t\t<\/figure>\n\t<\/div>\n\n\t<div  class=\"wpb_single_image wpb_content_element vc_align_left\">\n\t\t\n\t\t<figure class=\"wpb_wrapper vc_figure\">\n\t\t\t<div class=\"vc_single_image-wrapper   vc_box_border_grey\"><img class=\"vc_single_image-img\" src=\"https:\/\/escoffierluxuryinstitute.com\/wp-content\/uploads\/2016\/10\/Picture16-500x339.jpg\" width=\"500\" height=\"339\" alt=\"Intronisation Disciples Escoffier Inde\" title=\"Intronisation Disciples Escoffier Inde\" \/><\/div><figcaption class=\"vc_figure-caption\">Intronisation Disciples Escoffier Inde<\/figcaption>\n\t\t<\/figure>\n\t<\/div>\n<\/div><\/div><\/div><div class=\"wpb_column vc_column_container vc_col-sm-4\"><div class=\"vc_column-inner\"><div class=\"wpb_wrapper\"><\/div><\/div><\/div><div class=\"wpb_column vc_column_container vc_col-sm-4\"><div class=\"vc_column-inner\"><div class=\"wpb_wrapper\">\n\t<div  class=\"wpb_single_image wpb_content_element vc_align_left\">\n\t\t\n\t\t<figure class=\"wpb_wrapper vc_figure\">\n\t\t\t<div class=\"vc_single_image-wrapper   vc_box_border_grey\"><img class=\"vc_single_image-img\" src=\"https:\/\/escoffierluxuryinstitute.com\/wp-content\/uploads\/2016\/10\/Picture17.jpg\" width=\"500\" height=\"339\" alt=\"Intronisation Disciples Escoffier Japon\" title=\"Intronisation Disciples Escoffier Japon\" \/><\/div><figcaption class=\"vc_figure-caption\">Intronisation Disciples Escoffier Japon<\/figcaption>\n\t\t<\/figure>\n\t<\/div>\n\n\t<div  class=\"wpb_single_image wpb_content_element vc_align_left\">\n\t\t\n\t\t<figure class=\"wpb_wrapper vc_figure\">\n\t\t\t<div class=\"vc_single_image-wrapper   vc_box_border_grey\"><img class=\"vc_single_image-img\" src=\"https:\/\/escoffierluxuryinstitute.com\/wp-content\/uploads\/2019\/02\/maurice-1.png\" width=\"294\" height=\"196\" alt=\"Tiina et Jerome Fabre, Directeur de l`Institut Escoffier et Yves Dumont Administrateur des Disciples d`Escoffier de l`Ile Maurice\" title=\"maurice\" \/><\/div><figcaption class=\"vc_figure-caption\">Tiina et Jerome Fabre, Directeur de l`Institut Escoffier et Yves Dumont Administrateur des Disciples d`Escoffier de l`Ile Maurice<\/figcaption>\n\t\t<\/figure>\n\t<\/div>\n<\/div><\/div><\/div><\/div>","protected":false},"excerpt":{"rendered":"Plus de quatre-vingt ans apr\u00e8s sa disparition (1935), Auguste Escoffier reste le ma\u00eetre de la cuisine fran\u00e7aise moderne sans avoir rien perdu de sa modernit\u00e9. L`h\u00e9ritage d`Auguste Escoffier se perp\u00e9tue en autre par l`association Disciples Escoffier International cr\u00e9\u00e9e en 1954 par Jean Ducroux, chef de cuisine \u00e0","protected":false},"author":1,"featured_media":0,"parent":0,"menu_order":0,"comment_status":"closed","ping_status":"closed","template":"","meta":{"_monsterinsights_skip_tracking":false,"_monsterinsights_sitenote_active":false,"_monsterinsights_sitenote_note":"","_monsterinsights_sitenote_category":0,"footnotes":""},"_links":{"self":[{"href":"https:\/\/escoffierluxuryinstitute.com\/en\/wp-json\/wp\/v2\/pages\/60"}],"collection":[{"href":"https:\/\/escoffierluxuryinstitute.com\/en\/wp-json\/wp\/v2\/pages"}],"about":[{"href":"https:\/\/escoffierluxuryinstitute.com\/en\/wp-json\/wp\/v2\/types\/page"}],"author":[{"embeddable":true,"href":"https:\/\/escoffierluxuryinstitute.com\/en\/wp-json\/wp\/v2\/users\/1"}],"replies":[{"embeddable":true,"href":"https:\/\/escoffierluxuryinstitute.com\/en\/wp-json\/wp\/v2\/comments?post=60"}],"version-history":[{"count":0,"href":"https:\/\/escoffierluxuryinstitute.com\/en\/wp-json\/wp\/v2\/pages\/60\/revisions"}],"wp:attachment":[{"href":"https:\/\/escoffierluxuryinstitute.com\/en\/wp-json\/wp\/v2\/media?parent=60"}],"curies":[{"name":"wp","href":"https:\/\/api.w.org\/{rel}","templated":true}]}}