{"id":64,"date":"2016-10-19T06:31:16","date_gmt":"2016-10-19T06:31:16","guid":{"rendered":"http:\/\/institutescoffier.mu\/?page_id=64"},"modified":"2023-02-16T07:11:54","modified_gmt":"2023-02-16T07:11:54","slug":"les-infrastructures-de-pointe","status":"publish","type":"page","link":"https:\/\/escoffierluxuryinstitute.com\/en\/les-infrastructures-de-pointe\/","title":{"rendered":"INFRASTRUCTURE"},"content":{"rendered":"<div class=\"vc_row wpb_row vc_row-fluid\" data-lang=\"French\"><div class=\"wpb_column vc_column_container vc_col-sm-12\"><div class=\"vc_column-inner\"><div class=\"wpb_wrapper\">\n\t<div class=\"wpb_text_column wpb_content_element\" >\n\t\t<div class=\"wpb_wrapper\">\n\t\t\t<p>To guarantee its autonomy and seamless academic operation in the face of any unexpected external factors, such as the recent global COVID-19 pandemic, the Institut Escoffier has thoughfully designed its training infrastructure to meet European standards.<\/p>\n<p>This one of a kind academic institution in Mauritius boasts a range of purpose-built amenities, including :<br \/>\n1. A bar adapted for hands-on training, A mixology and coffee laboratory,<br \/>\n2. Two fully-equipped cooking laboratories,<br \/>\n3. An advanced pastry and confectionery laboratory,<br \/>\n4. An application restaurant,<br \/>\n5. A distinguished Master class,<br \/>\n\u00a06. And several advanced theoretical classrooms.<\/p>\n<p>Moreover, an impressive collection of digital resources is available online, including the libraries of CY University and ESG.<\/p>\n\n\t\t<\/div>\n\t<\/div>\n<\/div><\/div><\/div><\/div><div class=\"vc_row wpb_row vc_row-fluid\" data-lang=\"French\"><div class=\"wpb_column vc_column_container vc_col-sm-12\"><div class=\"vc_column-inner\"><div class=\"wpb_wrapper\">\n\t<div  class=\"wpb_single_image wpb_content_element vc_align_left\">\n\t\t\n\t\t<figure class=\"wpb_wrapper vc_figure\">\n\t\t\t<div class=\"vc_single_image-wrapper   vc_box_border_grey\"><img width=\"940\" height=\"529\" src=\"https:\/\/escoffierluxuryinstitute.com\/wp-content\/uploads\/2021\/06\/infrastruction-de-la-formation.jpg\" class=\"vc_single_image-img attachment-full\" alt=\"infrastructure de la formation\" decoding=\"async\" srcset=\"https:\/\/escoffierluxuryinstitute.com\/wp-content\/uploads\/2021\/06\/infrastruction-de-la-formation.jpg 940w, https:\/\/escoffierluxuryinstitute.com\/wp-content\/uploads\/2021\/06\/infrastruction-de-la-formation-300x169.jpg 300w, https:\/\/escoffierluxuryinstitute.com\/wp-content\/uploads\/2021\/06\/infrastruction-de-la-formation-768x432.jpg 768w\" sizes=\"(max-width: 940px) 100vw, 940px\" \/><\/div>\n\t\t<\/figure>\n\t<\/div>\n<\/div><\/div><\/div><\/div>","protected":false},"excerpt":{"rendered":"Afin d`assurer son ind\u00e9pendance et la continuit\u00e9 p\u00e9dagogique contre tout impr\u00e9vu externe (covid etc) les infrastructures de formation de l`Institut Escoffier ont \u00e9t\u00e9 construit aux standards europ\u00e9ens. Ces locaux uniques \u00e0 l`Ile Maurice comprennent : 1. Un laboratoire pratique de bar, mixologie et de caf\u00e9. 2. Deux","protected":false},"author":1,"featured_media":0,"parent":0,"menu_order":0,"comment_status":"closed","ping_status":"closed","template":"","meta":{"_monsterinsights_skip_tracking":false,"_monsterinsights_sitenote_active":false,"_monsterinsights_sitenote_note":"","_monsterinsights_sitenote_category":0,"footnotes":""},"_links":{"self":[{"href":"https:\/\/escoffierluxuryinstitute.com\/en\/wp-json\/wp\/v2\/pages\/64"}],"collection":[{"href":"https:\/\/escoffierluxuryinstitute.com\/en\/wp-json\/wp\/v2\/pages"}],"about":[{"href":"https:\/\/escoffierluxuryinstitute.com\/en\/wp-json\/wp\/v2\/types\/page"}],"author":[{"embeddable":true,"href":"https:\/\/escoffierluxuryinstitute.com\/en\/wp-json\/wp\/v2\/users\/1"}],"replies":[{"embeddable":true,"href":"https:\/\/escoffierluxuryinstitute.com\/en\/wp-json\/wp\/v2\/comments?post=64"}],"version-history":[{"count":0,"href":"https:\/\/escoffierluxuryinstitute.com\/en\/wp-json\/wp\/v2\/pages\/64\/revisions"}],"wp:attachment":[{"href":"https:\/\/escoffierluxuryinstitute.com\/en\/wp-json\/wp\/v2\/media?parent=64"}],"curies":[{"name":"wp","href":"https:\/\/api.w.org\/{rel}","templated":true}]}}