{"id":885,"date":"2019-02-07T16:36:20","date_gmt":"2019-02-07T16:36:20","guid":{"rendered":"http:\/\/institutescoffier.mu\/?page_id=885"},"modified":"2019-02-12T06:34:40","modified_gmt":"2019-02-12T06:34:40","slug":"pourquoi-lile-maurice","status":"publish","type":"page","link":"https:\/\/escoffierluxuryinstitute.com\/en\/pourquoi-lile-maurice\/","title":{"rendered":"WHY MAURITIUS ?"},"content":{"rendered":"<div class=\"vc_row wpb_row vc_row-fluid\" data-lang=\"French\"><div class=\"wpb_column vc_column_container vc_col-sm-12\"><div class=\"vc_column-inner\"><div class=\"wpb_wrapper\">\n\t<div class=\"wpb_text_column wpb_content_element\" >\n\t\t<div class=\"wpb_wrapper\">\n\t\t\t<p>&nbsp;<\/p>\n<p>This internationally renowned institution has established itself in Mauritius, drawn by the promise of an ecosystem conducive to education.<\/p>\n<ul>\n<li>The decision to set up a campus in Mauritius was motivated by several factors, including the founders' desire to contribute to the government's initiative to establish Mauritius as a regional education hub. The aim is to make certified knowledge a driving force for economic and social development.\n<\/li>\n<li>Mauritius, being a republic with a stable democratic regime, offers an environment of social peace.\n<\/li>\n<li>The Mauritian sense of hospitality, recognized worldwide, adds to the appeal of the island nation.\n<\/li>\n<li>Additionally, access to top-quality French training programs is available at an unparalleled value.\n<\/li>\n<li>These programs not only cater to the needs of Mauritius but also those of the neighboring countries in the Indian Ocean region and Africa.<\/li>\n<\/ul>\n<p>&nbsp;<\/p>\n\n\t\t<\/div>\n\t<\/div>\n<\/div><\/div><\/div><\/div>","protected":false},"excerpt":{"rendered":"Un \u00e9co syst\u00e8me propice \u00e0 l`\u00e9ducation. Cette prestigieuse enseigne internationale a \u00e9t\u00e9 motiv\u00e9e par les raisons suivantes pour s`implanter \u00e0 l`Ile Maurice\u00a0: La volont\u00e9 des fondateurs de l`Institut Escoffier (Jerome et Tiina Fabre) de participer au projet gouvernemental mauricien de faire de l`Ile Maurice un \u00e9ducation hub","protected":false},"author":1,"featured_media":0,"parent":0,"menu_order":0,"comment_status":"closed","ping_status":"closed","template":"","meta":{"_monsterinsights_skip_tracking":false,"_monsterinsights_sitenote_active":false,"_monsterinsights_sitenote_note":"","_monsterinsights_sitenote_category":0,"footnotes":""},"_links":{"self":[{"href":"https:\/\/escoffierluxuryinstitute.com\/en\/wp-json\/wp\/v2\/pages\/885"}],"collection":[{"href":"https:\/\/escoffierluxuryinstitute.com\/en\/wp-json\/wp\/v2\/pages"}],"about":[{"href":"https:\/\/escoffierluxuryinstitute.com\/en\/wp-json\/wp\/v2\/types\/page"}],"author":[{"embeddable":true,"href":"https:\/\/escoffierluxuryinstitute.com\/en\/wp-json\/wp\/v2\/users\/1"}],"replies":[{"embeddable":true,"href":"https:\/\/escoffierluxuryinstitute.com\/en\/wp-json\/wp\/v2\/comments?post=885"}],"version-history":[{"count":0,"href":"https:\/\/escoffierluxuryinstitute.com\/en\/wp-json\/wp\/v2\/pages\/885\/revisions"}],"wp:attachment":[{"href":"https:\/\/escoffierluxuryinstitute.com\/en\/wp-json\/wp\/v2\/media?parent=885"}],"curies":[{"name":"wp","href":"https:\/\/api.w.org\/{rel}","templated":true}]}}