{"id":889,"date":"2019-02-07T16:45:25","date_gmt":"2019-02-07T16:45:25","guid":{"rendered":"http:\/\/institutescoffier.mu\/?page_id=889"},"modified":"2023-11-27T10:27:53","modified_gmt":"2023-11-27T10:27:53","slug":"une-demarche-pedagogique-unique","status":"publish","type":"page","link":"https:\/\/escoffierluxuryinstitute.com\/en\/une-demarche-pedagogique-unique\/","title":{"rendered":"A UNIQUE APPROACH TO TEACHING"},"content":{"rendered":"<div class=\"vc_row wpb_row vc_row-fluid\" data-lang=\"French\"><div class=\"wpb_column vc_column_container vc_col-sm-8\"><div class=\"vc_column-inner\"><div class=\"wpb_wrapper\">\n\t<div class=\"wpb_text_column wpb_content_element\" >\n\t\t<div class=\"wpb_wrapper\">\n\t\t\t<p>At Institut Escoffier, we apply Finnish teaching techniques which emphasize teamwork and practical learning. We have established the following mechanisms to enhance our students' feedback:<\/p>\n<p> 1. Our students are taught how to learn effectively.<\/p>\n<p>2. Memorization is not a guaranteed path to success; however, we seek to recruit only those students who are passionate about their studies, resulting in a success rate of over 95% in each programme.<\/p>\n<p>3. Self-confidence is a critical attribute, and we strive to develop it in our students, believing that each student has the internal resources to succeed.<\/p>\n<p>4. We incorporate theatre as a pedagogical tool, allowing us to address issues such as shyness, public speaking, posture, and elocution.<\/p>\n<p>5. Our teachers are facilitators, responsible not only for transmitting information effectively but also for the overall well-being of the students. Our team includes a qualified psychologist.<\/p>\n<p>6. We value and build upon the existing knowledge of our students by providing practical classroom and master class situations.<\/p>\n<p>7. Institut Escoffier standards are taught at the Institut Escoffier, and students are only allowed to embark on work experience after demonstrating an understanding of these standards.<\/p>\n<p>8. Practice is essential for effective learning, and at Institut Escoffier, we reinforce learning through practical work.<\/p>\n<p>9. Practical work is conducted face-to-face with clients, either in the teaching restaurant or during internships.<\/p>\n<p>10. At Institut Escoffier, we encourage our students to participate in Student Club activities that involve social, ecological, artistic, and cultural projects, thereby extending learning beyond the diploma reference.<\/p>\n<p>11. Our internships take place with reputable partners, both locally (e.g. Beachcomber, Constance, Lux, VLH, Sun Resorts, Indigo) and internationally (e.g. Relais et Ch\u00e2teau, Michelin Star Chef).<\/p>\n<p>12. We place a strong emphasis on the acquisition of foreign languages to better equip our students to operate in a global industry.<\/p>\n<p>&nbsp;<\/p>\n\n\t\t<\/div>\n\t<\/div>\n<\/div><\/div><\/div><div class=\"wpb_column vc_column_container vc_col-sm-4\"><div class=\"vc_column-inner\"><div class=\"wpb_wrapper\">\n\t<div  class=\"wpb_single_image wpb_content_element vc_align_right\">\n\t\t\n\t\t<figure class=\"wpb_wrapper vc_figure\">\n\t\t\t<div class=\"vc_single_image-wrapper   vc_box_border_grey\"><img width=\"1280\" height=\"622\" src=\"https:\/\/escoffierluxuryinstitute.com\/wp-content\/uploads\/2021\/06\/THEATRE.jpg\" class=\"vc_single_image-img attachment-full\" alt=\"THEATRE\" decoding=\"async\" srcset=\"https:\/\/escoffierluxuryinstitute.com\/wp-content\/uploads\/2021\/06\/THEATRE.jpg 1280w, https:\/\/escoffierluxuryinstitute.com\/wp-content\/uploads\/2021\/06\/THEATRE-300x146.jpg 300w, https:\/\/escoffierluxuryinstitute.com\/wp-content\/uploads\/2021\/06\/THEATRE-1024x498.jpg 1024w, https:\/\/escoffierluxuryinstitute.com\/wp-content\/uploads\/2021\/06\/THEATRE-768x373.jpg 768w\" sizes=\"(max-width: 1280px) 100vw, 1280px\" \/><\/div>\n\t\t<\/figure>\n\t<\/div>\n\n\t<div  class=\"wpb_single_image wpb_content_element vc_align_right\">\n\t\t\n\t\t<figure class=\"wpb_wrapper vc_figure\">\n\t\t\t<div class=\"vc_single_image-wrapper   vc_box_border_grey\"><img width=\"898\" height=\"504\" src=\"https:\/\/escoffierluxuryinstitute.com\/wp-content\/uploads\/2021\/06\/tina.jpg\" class=\"vc_single_image-img attachment-full\" alt=\"Tina\" decoding=\"async\" srcset=\"https:\/\/escoffierluxuryinstitute.com\/wp-content\/uploads\/2021\/06\/tina.jpg 898w, https:\/\/escoffierluxuryinstitute.com\/wp-content\/uploads\/2021\/06\/tina-300x168.jpg 300w, https:\/\/escoffierluxuryinstitute.com\/wp-content\/uploads\/2021\/06\/tina-768x431.jpg 768w\" sizes=\"(max-width: 898px) 100vw, 898px\" \/><\/div>\n\t\t<\/figure>\n\t<\/div>\n<\/div><\/div><\/div><\/div>","protected":false},"excerpt":{"rendered":"En s`inspirant des techniques d`enseignement finlandaises qui accordent une place pr\u00e9pond\u00e9rante \u00e0 la pratique et au travail d`\u00e9quipe, le retour sur l`exp\u00e9rience de nos \u00e9tudiants se trouve renforc\u00e9 par les m\u00e9canismes suivants: 1. Tout d`abord, les \u00e9l\u00e8ves et \u00e9tudiants apprennent \u00e0 apprendre. 2. Apprendre par c\u0153ur n`est","protected":false},"author":1,"featured_media":0,"parent":0,"menu_order":0,"comment_status":"closed","ping_status":"closed","template":"","meta":{"_monsterinsights_skip_tracking":false,"_monsterinsights_sitenote_active":false,"_monsterinsights_sitenote_note":"","_monsterinsights_sitenote_category":0,"footnotes":""},"_links":{"self":[{"href":"https:\/\/escoffierluxuryinstitute.com\/en\/wp-json\/wp\/v2\/pages\/889"}],"collection":[{"href":"https:\/\/escoffierluxuryinstitute.com\/en\/wp-json\/wp\/v2\/pages"}],"about":[{"href":"https:\/\/escoffierluxuryinstitute.com\/en\/wp-json\/wp\/v2\/types\/page"}],"author":[{"embeddable":true,"href":"https:\/\/escoffierluxuryinstitute.com\/en\/wp-json\/wp\/v2\/users\/1"}],"replies":[{"embeddable":true,"href":"https:\/\/escoffierluxuryinstitute.com\/en\/wp-json\/wp\/v2\/comments?post=889"}],"version-history":[{"count":1,"href":"https:\/\/escoffierluxuryinstitute.com\/en\/wp-json\/wp\/v2\/pages\/889\/revisions"}],"predecessor-version":[{"id":5421,"href":"https:\/\/escoffierluxuryinstitute.com\/en\/wp-json\/wp\/v2\/pages\/889\/revisions\/5421"}],"wp:attachment":[{"href":"https:\/\/escoffierluxuryinstitute.com\/en\/wp-json\/wp\/v2\/media?parent=889"}],"curies":[{"name":"wp","href":"https:\/\/api.w.org\/{rel}","templated":true}]}}